{"id":133,"date":"2020-06-07T09:06:39","date_gmt":"2020-06-07T09:06:39","guid":{"rendered":"http:\/\/vermietung.holas.net\/?page_id=133"},"modified":"2020-08-09T08:49:31","modified_gmt":"2020-08-09T08:49:31","slug":"privacy-policy","status":"publish","type":"page","link":"https:\/\/vermietung.holas.net\/?page_id=133","title":{"rendered":"Privacy Policy"},"content":{"rendered":"<h2><strong>Datenschutzerkl\u00e4rung<\/strong><\/h2>\n<p>Die Holas Vermietungs GmbH (nachfolgend: \u201eHolas\u201c) beachtet alle einschl\u00e4gigen gesetzlichen Datenschutzvorgaben (\u00f6sterreichische Datenschutzgesetze, europ\u00e4ische Datenschutzrichtlinien und jedes andere anwendbare Datenschutzrecht). Mit dieser Datenschutzerkl\u00e4rung informieren wir Sie als Nutzer \u00fcber Art, Umfang und Zweck der Erhebung und Verwendung personenbezogener Daten ab dem 25.05.2018. Sie k\u00f6nnen diese Erkl\u00e4rung jederzeit auf der Website unter <a href=\"https:\/\/vermietung.holas.net\/?page_id=133\">https:\/\/vermietung.holas.net\/?page_id=133<\/a> abrufen.<\/p>\n<h2>Wer wir sind<\/h2>\n<p>Unsere Webseite ist erreichbar unter: <a href=\"https:\/\/vermietung.holas.net\/\">http:\/\/vermietung.holas.net<\/a> &#8211; f\u00fcr mehr Informationen besuchen Sie unser <a href=\"https:\/\/vermietung.holas.net\/?page_id=131\">Impressum<\/a>.<\/p>\n<h2>Welche Daten wir sammeln und wof\u00fcr<\/h2>\n<h4>Kontaktformular<\/h4>\n<p>Wir nutzen das &#8222;Contact Form 7 plugin&#8220;\u00a0 um Kontaktformular Sendungen zu verwalten. Die Informationen werden in Form einer E-Mail Nachricht an eine selektierte Auswahl von Mitarbeitern mit entsprechendem Zugriff gesendet. Die Informationen werden weder in Form eines Backups noch zur sp\u00e4teren Weiterbearbeitung gespeichert. WP Engine betreibt diese Webseite.<\/p>\n<p>Die Verarbeitung Ihrer Daten im Rahmen einer Kontaktaufnahme per E-Mail oder Telefon erfolgt je nach Anfrageinhalt bei rein informatorischen Anfragen auf Grundlage Ihrer (mutma\u00dflichen) Einwilligung gem\u00e4\u00df Art. 6 Abs. 1 S. 1 lit. a) DS-GVO, oder gem\u00e4\u00df Art. 6 Abs. 1 S. 1 lit. b) DS-GVO, soweit die Kontaktaufnahmen im Zusammenhang mit vertraglichen Erf\u00fcllungspflichten stehen. F\u00fcr die Kontaktaufnahme \u00fcber unser Formular ben\u00f6tigen wir lediglich Ihre E-Mail-Adresse, um Ihnen antworten zu k\u00f6nnen. Daneben k\u00f6nnen Sie freiwillig Ihren Namen oder weitere Daten angeben, damit wir Sie pers\u00f6nlich ansprechen k\u00f6nnen.<\/p>\n<p>Ihre Kontaktanfragen werden wir umgehend nach Bearbeitung l\u00f6schen, soweit nicht gesetzliche Aufbewahrungsfristen eine weitergehende Aufbewahrung erfordern.<\/p>\n<h4>Verwendung von MailChimp<\/h4>\n<p>Der Versand von E-Mails an die verschiedenen Benutzergruppen von Holas stellt eine zentrale Funktion der Plattform dar. Damit ist sichergestellt, dass Inhalte zeitnah und pers\u00f6nlich kommuniziert werden. Zum Zweck des E-Mailversands benutzen wir den E-Mail Versand-Service MailChimp, The Rocket Science Group, LLC, 657 Ponce de Leon Ave NE, Suite 5000, Atlanta, GA 30308 USA. E-Mailadressen werden ausschlie\u00dflich im Kontext von Holas verwendet und nicht an Dritte weitergegeben. Die Datenschutzbestimmungen von MailChimp finden Sie unter\u00a0<a href=\"https:\/\/mailchimp.com\/legal\/privacy\/\">https:\/\/mailchimp.com\/legal\/privacy\/<\/a>. Rechtsgrundlage f\u00fcr den Einsatz des Versanddienstleisters ist auf Grundlage unserer berechtigten Interessen Art. 6 Abs. 1 lit. f DSGVO.<\/p>\n<h2>Cookies<\/h2>\n<p>Unter Umst\u00e4nden erhebt Holas au\u00dferdem Informationen \u00fcber die Nutzung der Website durch die Verwendung sog. Browser-Cookies. Dies sind kleine Textdateien, die auf Ihrem Datentr\u00e4ger gespeichert werden und die bestimmte Einstellungen und Daten zum Austausch mit der Holas \u00fcber den Browser des Nutzers speichern. Ein Cookie enth\u00e4lt in der Regel den Namen der Domain, von der die Cookie-Daten gesendet wurden sowie Informationen \u00fcber das Alter des Cookies und ein alphanumerisches Identifizierungszeichen. Cookies erm\u00f6glichen dem System, das Ger\u00e4t des Nutzers zu erkennen und eventuelle Voreinstellungen sofort verf\u00fcgbar zu machen. Sobald ein Nutzer auf die Plattform zugreift, wird ein Cookie auf die Festplatte des Computers des jeweiligen Nutzers \u00fcbermittelt. Cookies helfen Holas, die Website zu verbessern und dem Nutzer einen besseren und noch mehr auf diesen zugeschnittenen Service anbieten zu k\u00f6nnen. Sie erm\u00f6glichen Holas, den Computer des Nutzers wieder zu erkennen, wenn dieser auf Holas Website zur\u00fcckkehren und dadurch:<\/p>\n<ul>\n<li>Die Geschwindigkeit der Abwicklung Ihrer Anfragen zu beschleunigen;<\/li>\n<li>In den von uns verwendeten Cookies werden lediglich die oben erl\u00e4uterten Daten \u00fcber Ihre Nutzung der Website gespeichert. Dies erfolgt nicht durch eine Zuordnung zu Ihnen pers\u00f6nlich, sondern durch Zuweisung einer Identifikationsnummer zu dem Cookie (\u201eCookie-ID\u201c). Eine Zusammenf\u00fchrung der Cookie-ID mit dem Namen, der IP-Adresse oder mit \u00e4hnlichen Daten, die eine Zuordnung des Cookies zum Nutzer erm\u00f6glichen w\u00fcrden, erfolgt nicht.<\/li>\n<\/ul>\n<p>Sollte der Nutzer eine Verwendung von Browser-Cookies nicht w\u00fcnschen, kann dieser dies im Browser so einstellen, dass eine Speicherung von Cookies nicht akzeptiert wird. Der Nutzer nimmt zur Kenntnis, dass unsere Website in diesem Fall ggf. nur eingeschr\u00e4nkt oder gar nicht nutzen kann.<\/p>\n<p>Rechtsgrundlage f\u00fcr die Verwendung von Cookies ist Art. 6 Abs. 1 S. 1 lit. f) DS-GVO, soweit nicht anderweitig angegeben.<\/p>\n<h4>Cookies und Dienste von Drittanbietern (third-party)<\/h4>\n<p>Sie k\u00f6nnen Ihre Browser-Einstellung entsprechend Ihren W\u00fcnschen konfigurieren und z.\u2009B. die Annahme von Third-Party-Cookies oder allen Cookies ablehnen. Rechtsgrundlage f\u00fcr die Verwendung von third-party Cookies ist Art. 6 Abs. 1 S. 1 lit. f) DS-GVO, soweit nicht anderweitig angegeben.<\/p>\n<h2>Google Analytics<\/h2>\n<p>Diese Website benutzt Google Analytics, einen Webanalysedienst Dienst der Google Inc. 1600 Amphitheater Parkway, Mountain View, CA 94043, United States (Google). Google Analytics verwendet sog. Cookies, Textdateien die auf Ihrem Computer gespeichert werden und die eine Analyse der Benutzung der Website durch Sie erm\u00f6glichen. Die durch den Cookie erzeugten Informationen \u00fcber Ihre Benutzung dieses Website werden in der Regel an einen Server von Google in den USA \u00fcbertragen und dort gespeichert. Im Falle der Aktivierung der IP-Anonymisierung auf dieser Webseite wird Ihre IP Adresse von Google jedoch innerhalb von Mitgliedstaaten der Europ\u00e4ischen Union oder in anderen Vertragsstaaten des Abkommens \u00fcber den europ\u00e4ischen Wirtschaftsraum zuvor gek\u00fcrzt. Nur in Ausnahmef\u00e4llen wird die volle IP Adresse an einen Server von Google in den USA \u00fcbertragen und dort gek\u00fcrzt. Im Auftrag des Betreibers dieser Website wird Google diese Informationen benutzen, um Ihre Nutzung der Website auszuwerten, um Reports \u00fcber die Websiteaktivit\u00e4ten zusammenzustellen und um weitere mit der Website-Nutzung und der Internetnutzung verbundene Dienstleistungen gegen\u00fcber dem Websitebetreiber zu erbringen. Die im Rahmen von Google Analytics von Ihrem Browser \u00fcbermittelte IP Adresse wird nicht mit anderen Daten von Google zusammengef\u00fchrt. Sie k\u00f6nnen die Erfassung der durch das Cookie erzeugten und auf ihre Nutzung des Onlineangebotes bezogenen Daten an Google sowie die Verarbeitung dieser Daten durch Google verhindern, indem Sie das unter folgendem Link verf\u00fcgbare Browser-Plugin herunterladen und installieren: <a href=\"http:\/\/tools.google.com\/dlpage\/gaoptout?hl=de\">http:\/\/tools.google.com\/dlpage\/gaoptout?hl=de<\/a>.<\/p>\n<p>Weitere Informationen zur Datennutzung durch Google, Einstellungs- und Widerspruchsm\u00f6glichkeiten erfahren Sie auf den Webseiten von Google unter <a href=\"https:\/\/www.google.com\/intl\/de\/policies\/privacy\/partners\">https:\/\/www.google.com\/intl\/de\/policies\/privacy\/partners<\/a> sowie unter <a href=\"http:\/\/www.google.com\/policies\/technologies\/ads\">http:\/\/www.google.com\/policies\/technologies\/ads<\/a> und <a href=\"http:\/\/www.google.de\/settings\/ads\">http:\/\/www.google.de\/settings\/ads<\/a>.<\/p>\n<p>Wir m\u00f6chten darauf hinweisen, dass, um eine direkte Personenbeziehbarkeit auszuschlie\u00dfen, auf dieser Website IP Adressen nur begrenzt weiterverarbeitet werden, da wir Google Analytics mit der Erweiterung \u201e_anonymizelp()\u201c verwenden.<\/p>\n<p>Google ist unter dem Privacy-Shield-Abkommen zertifiziert und bietet hierdurch eine Garantie, das europ\u00e4ische Datenschutzrecht einzuhalten (<a href=\"https:\/\/www.privacyshield.gov\/participant?id=a2zt000000001L5AAI&amp;status=Active\">https:\/\/www.privacyshield.gov\/participant?id=a2zt000000001L5AAI&amp;status=Active<\/a>).<\/p>\n<h2>Google Fonts<\/h2>\n<p>Auf dieser Webseite haben wir zur Darstellung bestimmte, von Google bereitgestellte Schriftarten (Fonts) eingebunden. Beim Aufruf einer Seite l\u00e4dt Ihr Browser diese Schriftarten von einem Google-Server. Dabei wird Ihre IP-Adresse samt URL (Internetadresse) der bei uns aufgerufenen Internetseite, die Sie besucht haben, an einen Server der Firma Google \u00fcbertragen. Wenn Sie in Ihrem Google-Account eingeloggt sind, erm\u00f6glichen Sie Google, Ihr Surfverhalten direkt Ihrem pers\u00f6nlichen Profil zuzuordnen. Dies k\u00f6nnen Sie unter Umst\u00e4nden verhindern, indem Sie sich aus Ihrem Google-Account ausloggen.<\/p>\n<p>Google ist unter dem Privacy-Shield-Abkommen zertifiziert und bietet hierdurch eine Garantie, das europ\u00e4ische Datenschutzrecht einzuhalten (<a href=\"https:\/\/www.privacyshield.gov\/participant?id=a2zt000000001L5AAI&amp;status=Active\">https:\/\/www.privacyshield.gov\/participant?id=a2zt000000001L5AAI&amp;status=Active<\/a>).<\/p>\n<p>Weitere Informationen zu diesen Google Schriftarten finden Sie unter <a href=\"https:\/\/developers.google.com\/fonts\/faq\">https:\/\/developers.google.com\/fonts\/faq<\/a> und in der Datenschutzerkl\u00e4rung von Google unter <a href=\"https:\/\/www.google.com\/policies\/privacy\">https:\/\/www.google.com\/policies\/privacy<\/a>.<\/p>\n<h2>Wie lange wir Ihre Daten speichern<\/h2>\n<p>Die von uns verarbeiteten Daten werden unter Einhaltung der gesetzlichen Vorschriften, insbesondere nach Art. 17 und 18 DS-GVO gel\u00f6scht oder in ihrer Verarbeitung eingeschr\u00e4nkt. Sofern nicht im Rahmen dieser Datenschutzerkl\u00e4rung ausdr\u00fccklich angegeben, l\u00f6schen wir bei uns gespeicherte Daten, sobald sie f\u00fcr ihre Zweckbestimmung nicht mehr ben\u00f6tigt werden. \u00dcber den Zeitpunkt des Zweckfortfalls hinaus werden Daten nur dann aufgehoben, wenn sie f\u00fcr andere und gesetzlich zul\u00e4ssige Zwecke erforderlich sind oder die Daten aufgrund gesetzlicher Aufbewahrungspflichten weiter vorgehalten werden m\u00fcssen. In diesen F\u00e4llen wird die Verarbeitung eingeschr\u00e4nkt, also gesperrt und nicht f\u00fcr andere Zwecke verarbeitet.<\/p>\n<p>Wenn Sie wollen, dass Ihre Informationen aus unserer Datenbank gel\u00f6scht werden, kontaktieren Sie uns bitte. Wir werden Ihre Daten auf Wunsch jederzeit l\u00f6schen, da uns Ihre Privatsph\u00e4re wichtig ist.<\/p>\n<h2>Auskunfts- und Berichtigungspflicht<\/h2>\n<p>Sie haben das Recht, Auskunft \u00fcber die von Holas zu Ihrer Person gespeicherten Daten, auf Antrag, zu erhalten. Ebenso haben Sie das Recht auf Berichtigung unrichtiger Daten, Sperrung und L\u00f6schung. Wenden Sie sich bitte dazu an <a href=\"mailto:vermietung@holas.net\">vermietung@holas.net<\/a> oder postalisch an die eingangs genannte Anschrift.<\/p>\n<p>Nach Ma\u00dfgabe der gesetzlichen Vorschriften haben Sie im Einzelnen die folgenden, unentgeltlichen Rechte, welche Sie Holas gegen\u00fcber geltend machen k\u00f6nnen:<\/p>\n<ul>\n<li>Recht auf Auskunft (Art. 15 DS-GVO);<\/li>\n<li>Recht auf Berichtigung oder L\u00f6schung (Art. 16 und Art. 17 DS-GVO);<\/li>\n<li>Recht auf Einschr\u00e4nkung der Verarbeitung (Art. 18 DS-GVO);<\/li>\n<li>Recht auf Daten\u00fcbertragbarkeit (Art. 20 DS-GVO);<\/li>\n<li>Recht auf Widerspruch gegen die Verarbeitung (Art. 21 DS-GVO).<\/li>\n<\/ul>\n<h2>\u00c4nderungen dieser Datenschutzerkl\u00e4rung<\/h2>\n<p>Holas beh\u00e4lt sich vor, diese Datenschutzerkl\u00e4rung zu \u00e4ndern. Die aktuelle Fassung der Datenschutzerkl\u00e4rung ist stets auf der Seite von Holas unter <a href=\"https:\/\/vermietung.holas.net\/?page_id=133\">https:\/\/vermietung.holas.net\/?page_id=133<\/a> abrufbar.<\/p>\n","protected":false},"excerpt":{"rendered":"<p>Datenschutzerkl\u00e4rung Die Holas Vermietungs GmbH (nachfolgend: \u201eHolas\u201c) beachtet alle einschl\u00e4gigen gesetzlichen Datenschutzvorgaben (\u00f6sterreichische Datenschutzgesetze, europ\u00e4ische Datenschutzrichtlinien und jedes andere anwendbare Datenschutzrecht). Mit dieser Datenschutzerkl\u00e4rung informieren wir Sie als Nutzer \u00fcber Art, Umfang und Zweck der Erhebung und Verwendung personenbezogener Daten ab dem 25.05.2018. Sie k\u00f6nnen diese Erkl\u00e4rung jederzeit auf der Website unter https:\/\/vermietung.holas.net\/?page_id=133 abrufen. Wer &hellip; <\/p>\n<p class=\"link-more\"><a href=\"https:\/\/vermietung.holas.net\/?page_id=133\" class=\"more-link\"><span class=\"screen-reader-text\">\u201ePrivacy Policy\u201c <\/span>weiterlesen<\/a><\/p>\n","protected":false},"author":1,"featured_media":0,"parent":0,"menu_order":0,"comment_status":"closed","ping_status":"closed","template":"","meta":{"footnotes":""},"class_list":["post-133","page","type-page","status-publish","hentry"],"_links":{"self":[{"href":"https:\/\/vermietung.holas.net\/index.php?rest_route=\/wp\/v2\/pages\/133","targetHints":{"allow":["GET"]}}],"collection":[{"href":"https:\/\/vermietung.holas.net\/index.php?rest_route=\/wp\/v2\/pages"}],"about":[{"href":"https:\/\/vermietung.holas.net\/index.php?rest_route=\/wp\/v2\/types\/page"}],"author":[{"embeddable":true,"href":"https:\/\/vermietung.holas.net\/index.php?rest_route=\/wp\/v2\/users\/1"}],"replies":[{"embeddable":true,"href":"https:\/\/vermietung.holas.net\/index.php?rest_route=%2Fwp%2Fv2%2Fcomments&post=133"}],"version-history":[{"count":2,"href":"https:\/\/vermietung.holas.net\/index.php?rest_route=\/wp\/v2\/pages\/133\/revisions"}],"predecessor-version":[{"id":186,"href":"https:\/\/vermietung.holas.net\/index.php?rest_route=\/wp\/v2\/pages\/133\/revisions\/186"}],"wp:attachment":[{"href":"https:\/\/vermietung.holas.net\/index.php?rest_route=%2Fwp%2Fv2%2Fmedia&parent=133"}],"curies":[{"name":"wp","href":"https:\/\/api.w.org\/{rel}","templated":true}]}}