{"id":131,"date":"2020-06-07T09:03:03","date_gmt":"2020-06-07T09:03:03","guid":{"rendered":"http:\/\/vermietung.holas.net\/?page_id=131"},"modified":"2024-04-23T12:33:33","modified_gmt":"2024-04-23T10:33:33","slug":"impressum","status":"publish","type":"page","link":"https:\/\/vermietung.holas.net\/?page_id=131","title":{"rendered":"Imprint"},"content":{"rendered":"\t\t<div data-elementor-type=\"wp-page\" data-elementor-id=\"131\" class=\"elementor elementor-131\" data-elementor-post-type=\"page\">\n\t\t\t\t\t\t<section class=\"elementor-section elementor-top-section elementor-element elementor-element-5180639e elementor-section-boxed elementor-section-height-default elementor-section-height-default\" data-id=\"5180639e\" data-element_type=\"section\" data-e-type=\"section\">\n\t\t\t\t\t\t<div class=\"elementor-container elementor-column-gap-default\">\n\t\t\t\t\t<div class=\"elementor-column elementor-col-100 elementor-top-column elementor-element elementor-element-5a81346f\" data-id=\"5a81346f\" data-element_type=\"column\" data-e-type=\"column\">\n\t\t\t<div class=\"elementor-widget-wrap elementor-element-populated\">\n\t\t\t\t\t\t<div class=\"elementor-element elementor-element-eb2e225 elementor-widget elementor-widget-text-editor\" data-id=\"eb2e225\" data-element_type=\"widget\" data-e-type=\"widget\" data-widget_type=\"text-editor.default\">\n\t\t\t\t<div class=\"elementor-widget-container\">\n\t\t\t\t\t\t\t\t\t<div id=\"main\"><h2>Impressum &amp; allgemeine Informationspflicht gem\u00e4\u00df \u00a7 5 E-Commerce-Gesetz<br \/>und \u00a7 14 Unternehmensgesetzbuch<\/h2><p><b>Anschrift und Kontakt:<\/b><br \/>Holas Vermietungs GmbH<br \/>Carl-Zuckmayer-Stra\u00dfe 38<br \/>5020 Salzburg<br \/>\u00d6sterreich<\/p><p><b>Firmensitz:<\/b><br \/>Holas Vermietungs GmbH<br \/>Z\u00f6senberg 40<br \/>8045 Weinitzen<br \/>\u00d6sterreich<\/p><p><b>E-Mail:<\/b> <a href=\"mailto:vermietung@holas.net\">vermietung@holas.net<\/a><\/p><p><b>Website:<\/b> https:\/\/vermietung.holas.net<\/p><p><b>UID-Nr.:<\/b> ATU66703579<\/p><p><b>Kammer:<\/b> Wirtschaftskammer \u00d6sterreich<\/p><p><b>Firmenbuch:<\/b> FN367825w<\/p><p><b>Firmenbuchgericht:<\/b> Graz<\/p><p><b>Rechtsform:<\/b> GmbH<\/p><h2>Nutzungsbedingungen der Inhalte dieser Website<\/h2><p>Die Internet-Auftritt von &#8222;Holas Vermietungs\u00a0 GmbH&#8220; wurde inhaltlich sorgf\u00e4ltig erarbeitet, um zutreffende und aktuelle Informationen bereitzustellen. Dennoch k\u00f6nnen Fehler auftreten. Wir weisen darauf hin, dass die Inhalte der Website nur allgemeiner Art sind und wir f\u00fcr die Aktualit\u00e4t, Richtigkeit oder Vollst\u00e4ndigkeit keine Gew\u00e4hr \u00fcbernehmen k\u00f6nnen. Der Betreiber von https:\/\/vermietung.holas.net \u00fcbernimmt deshalb keine Garantie oder Haftung f\u00fcr Sch\u00e4den materieller oder ideeller Art, die durch die Nutzung, Nichtnutzung bzw. durch fehlerhafte Informationen verursacht wurden. Dar\u00fcber hinaus distanzieren wir uns hiermit ausdr\u00fccklich von allen Inhalten aller gelinkten Seiten auf unseren Webseiten im Internet.<\/p><h2>Rechtswirksamkeit und Haftungsausschluss<\/h2><p>Die Nutzungsbedingungen sind Teil des Internet-Angebots. Sofern Teile oder einzelne Formulierungen der Nutzungsbedingungen der geltenden Rechtslage nicht, oder nicht vollst\u00e4ndig entsprechen sollten, wird G\u00fcltigkeit der \u00fcbrigen Nutzungsbedingungen nicht ber\u00fchrt.<\/p><h2>Copyright<\/h2><p>Der Inhalt dieser Website ist urheberrechtlich gesch\u00fctzt. Die Verwendung von Daten dieser Website &#8211; auch auszugsweise &#8211; in irgendeiner Form sind nur mit vorheriger ausdr\u00fccklicher schriftlicher Genehmigung von &#8222;Holas Vermietungs\u00a0 GmbH&#8220; gestattet. Dies gilt insbesondere auch Bilder und Texte. Die auf den &#8222;Holas Vermietungs\u00a0 GmbH&#8220; Webseiten verwendeten Marken und Logos sind gesch\u00fctzt. Es ist nicht gestattet, diese Marken ohne vorherige schriftliche Zustimmung der jeweiligen Inhaber zu nutzen.<\/p><div>Einige Icons sind von <a title=\"Freepik\" href=\"http:\/\/www.flaticon.com\/authors\/freepik\">Freepik<\/a> von <a title=\"Flaticon\" href=\"http:\/\/www.flaticon.com\">www.flaticon.com<\/a> lizensiert durch <a title=\"Creative Commons BY 3.0\" href=\"http:\/\/creativecommons.org\/licenses\/by\/3.0\/\" target=\"_blank\" rel=\"noopener noreferrer\">CC 3.0 BY<\/a>.<\/div><div>Einige Bilder sind von <a title=\"Pixabay\" href=\"http:\/\/pixabay.com\/\">Pixabay<\/a> von <a href=\"http:\/\/pixabay.com\/\">www.pixabay.com<\/a> lizensiert durch <a title=\"Creative Commons Public Domain\" href=\"https:\/\/creativecommons.org\/publicdomain\/zero\/1.0\/\" target=\"_blank\" rel=\"noopener noreferrer\">CC 0 PD<\/a>.<\/div><div>\u00a0<\/div><h2>Google Analytics<\/h2><p>Diese Website benutzt Google Analytics, einen Webanalysedienst der Google Inc. (&#8222;Google&#8220;). Google Analytics verwendet sog. &#8222;Cookies&#8220;, Textdateien, die auf Ihrem Computer gespeichert werden und die eine Analyse der Benutzung der Website durch Sie erm\u00f6glichen. Die durch den Cookie erzeugten Informationen \u00fcber Ihre Benutzung dieser Website werden in der Regel an einen Server von Google in den USA \u00fcbertragen und dort gespeichert. Im Falle der Aktivierung der IP-Anonymisierung auf dieser Webseite, wird Ihre IP-Adresse von Google jedoch innerhalb von Mitgliedstaaten der Europ\u00e4ischen Union oder in anderen Vertragsstaaten des Abkommens \u00fcber den Europ\u00e4ischen Wirtschaftsraum zuvor gek\u00fcrzt. Nur in Ausnahmef\u00e4llen wird die volle IP-Adresse an einen Server von Google in den USA \u00fcbertragen und dort gek\u00fcrzt. Im Auftrag des Betreibers dieser Website wird Google diese Informationen benutzen, um Ihre Nutzung der Website auszuwerten, um Reports \u00fcber die Websiteaktivit\u00e4ten zusammenzustellen und um weitere mit der Websitenutzung und der Internetnutzung verbundene Dienstleistungen gegen\u00fcber dem Websitebetreiber zu erbringen. Die im Rahmen von Google Analytics von Ihrem Browser \u00fcbermittelte IP-Adresse wird nicht mit anderen Daten von Google zusammengef\u00fchrt. Sie k\u00f6nnen die Speicherung der Cookies durch eine entsprechende Einstellung Ihrer Browser-Software verhindern; wir weisen Sie jedoch darauf hin, dass Sie in diesem Fall gegebenenfalls nicht s\u00e4mtliche Funktionen dieser Website vollumf\u00e4nglich werden nutzen k\u00f6nnen. Sie k\u00f6nnen dar\u00fcber hinaus die Erfassung der durch das Cookie erzeugten und auf Ihre Nutzung der Website bezogenen Daten (inkl. Ihrer IP-Adresse) an Google sowie die Verarbeitung dieser Daten durch Google verhindern, indem sie das unter dem folgenden Link verf\u00fcgbare Browser-Plugin herunterladen und installieren. <a href=\"http:\/\/tools.google.com\/dlpage\/gaoptout?hl=de\" target=\"_blank\" rel=\"noopener noreferrer\">http:\/\/tools.google.com\/dlpage\/gaoptout?hl=de<\/a><\/p><\/div>\t\t\t\t\t\t\t\t<\/div>\n\t\t\t\t<\/div>\n\t\t\t\t\t<\/div>\n\t\t<\/div>\n\t\t\t\t\t<\/div>\n\t\t<\/section>\n\t\t\t\t<\/div>\n\t\t","protected":false},"excerpt":{"rendered":"<p>Impressum &amp; allgemeine Informationspflicht gem\u00e4\u00df \u00a7 5 E-Commerce-Gesetzund \u00a7 14 Unternehmensgesetzbuch Anschrift und Kontakt:Holas Vermietungs GmbHCarl-Zuckmayer-Stra\u00dfe 385020 Salzburg\u00d6sterreich Firmensitz:Holas Vermietungs GmbHZ\u00f6senberg 408045 Weinitzen\u00d6sterreich E-Mail: vermietung@holas.net Website: https:\/\/vermietung.holas.net UID-Nr.: ATU66703579 Kammer: Wirtschaftskammer \u00d6sterreich Firmenbuch: FN367825w Firmenbuchgericht: Graz Rechtsform: GmbH Nutzungsbedingungen der Inhalte dieser Website Die Internet-Auftritt von &#8222;Holas Vermietungs\u00a0 GmbH&#8220; wurde inhaltlich sorgf\u00e4ltig erarbeitet, um zutreffende &hellip; <\/p>\n<p class=\"link-more\"><a href=\"https:\/\/vermietung.holas.net\/?page_id=131\" class=\"more-link\"><span class=\"screen-reader-text\">\u201eImprint\u201c <\/span>weiterlesen<\/a><\/p>\n","protected":false},"author":1,"featured_media":0,"parent":0,"menu_order":0,"comment_status":"closed","ping_status":"closed","template":"","meta":{"footnotes":""},"class_list":["post-131","page","type-page","status-publish","hentry"],"_links":{"self":[{"href":"https:\/\/vermietung.holas.net\/index.php?rest_route=\/wp\/v2\/pages\/131","targetHints":{"allow":["GET"]}}],"collection":[{"href":"https:\/\/vermietung.holas.net\/index.php?rest_route=\/wp\/v2\/pages"}],"about":[{"href":"https:\/\/vermietung.holas.net\/index.php?rest_route=\/wp\/v2\/types\/page"}],"author":[{"embeddable":true,"href":"https:\/\/vermietung.holas.net\/index.php?rest_route=\/wp\/v2\/users\/1"}],"replies":[{"embeddable":true,"href":"https:\/\/vermietung.holas.net\/index.php?rest_route=%2Fwp%2Fv2%2Fcomments&post=131"}],"version-history":[{"count":9,"href":"https:\/\/vermietung.holas.net\/index.php?rest_route=\/wp\/v2\/pages\/131\/revisions"}],"predecessor-version":[{"id":441,"href":"https:\/\/vermietung.holas.net\/index.php?rest_route=\/wp\/v2\/pages\/131\/revisions\/441"}],"wp:attachment":[{"href":"https:\/\/vermietung.holas.net\/index.php?rest_route=%2Fwp%2Fv2%2Fmedia&parent=131"}],"curies":[{"name":"wp","href":"https:\/\/api.w.org\/{rel}","templated":true}]}}